{"id":6,"date":"2019-08-09T10:35:34","date_gmt":"2019-08-09T10:35:34","guid":{"rendered":"https:\/\/demosites.io\/creative-portfolio\/?page_id=6"},"modified":"2021-08-17T12:44:59","modified_gmt":"2021-08-17T12:44:59","slug":"about","status":"publish","type":"page","link":"https:\/\/stromectol-europe.com\/pl\/about\/","title":{"rendered":"About"},"content":{"rendered":"<div data-elementor-type=\"wp-post\" data-elementor-id=\"6\" class=\"elementor elementor-6\" data-elementor-settings=\"[]\">\n\t\t\t\t\t\t\t<div class=\"elementor-section-wrap\">\n\t\t\t\t\t\t\t<section class=\"elementor-section elementor-top-section elementor-element elementor-element-497b17a elementor-section-boxed elementor-section-height-default elementor-section-height-default\" data-id=\"497b17a\" data-element_type=\"section\" data-settings=\"{&quot;background_background&quot;:&quot;classic&quot;}\">\n\t\t\t\t\t\t\t<div class=\"elementor-background-overlay\"><\/div>\n\t\t\t\t\t\t\t<div class=\"elementor-container elementor-column-gap-default\">\n\t\t\t\t\t<div class=\"elementor-column elementor-col-100 elementor-top-column elementor-element elementor-element-a7825f2\" data-id=\"a7825f2\" data-element_type=\"column\">\n\t\t\t<div class=\"elementor-widget-wrap elementor-element-populated\">\n\t\t\t\t\t\t\t\t<section class=\"elementor-section elementor-inner-section elementor-element elementor-element-be28faa elementor-section-boxed elementor-section-height-default elementor-section-height-default\" data-id=\"be28faa\" data-element_type=\"section\">\n\t\t\t\t\t\t<div class=\"elementor-container elementor-column-gap-default\">\n\t\t\t\t\t<div class=\"elementor-column elementor-col-100 elementor-inner-column elementor-element elementor-element-3b6a4e4\" data-id=\"3b6a4e4\" data-element_type=\"column\">\n\t\t\t<div class=\"elementor-widget-wrap elementor-element-populated\">\n\t\t\t\t\t\t\t\t<div class=\"elementor-element elementor-element-1641cf2 elementor-widget elementor-widget-heading\" data-id=\"1641cf2\" data-element_type=\"widget\" data-widget_type=\"heading.default\">\n\t\t\t\t<div class=\"elementor-widget-container\">\n\t\t\t<h1 class=\"elementor-heading-title elementor-size-default\">o nas<\/h1>\t\t<\/div>\n\t\t\t\t<\/div>\n\t\t\t\t\t<\/div>\n\t\t<\/div>\n\t\t\t\t\t\t\t<\/div>\n\t\t<\/section>\n\t\t\t\t\t<\/div>\n\t\t<\/div>\n\t\t\t\t\t\t\t<\/div>\n\t\t<\/section>\n\t\t\t\t<section class=\"elementor-section elementor-top-section elementor-element elementor-element-202a488 elementor-section-boxed elementor-section-height-default elementor-section-height-default\" data-id=\"202a488\" data-element_type=\"section\" data-settings=\"{&quot;background_background&quot;:&quot;classic&quot;}\">\n\t\t\t\t\t\t<div class=\"elementor-container elementor-column-gap-default\">\n\t\t\t\t\t<div class=\"elementor-column elementor-col-100 elementor-top-column elementor-element elementor-element-bbc55d1\" data-id=\"bbc55d1\" data-element_type=\"column\">\n\t\t\t<div class=\"elementor-widget-wrap elementor-element-populated\">\n\t\t\t\t\t\t\t\t<section class=\"elementor-section elementor-inner-section elementor-element elementor-element-e0a9baf elementor-section-content-middle elementor-section-boxed elementor-section-height-default elementor-section-height-default\" data-id=\"e0a9baf\" data-element_type=\"section\">\n\t\t\t\t\t\t<div class=\"elementor-container elementor-column-gap-default\">\n\t\t\t\t\t<div class=\"elementor-column elementor-col-100 elementor-inner-column elementor-element elementor-element-3a4d1ab\" data-id=\"3a4d1ab\" data-element_type=\"column\">\n\t\t\t<div class=\"elementor-widget-wrap elementor-element-populated\">\n\t\t\t\t\t\t\t\t<div class=\"elementor-element elementor-element-cefe059 elementor-widget elementor-widget-text-editor\" data-id=\"cefe059\" data-element_type=\"widget\" data-widget_type=\"text-editor.default\">\n\t\t\t\t<div class=\"elementor-widget-container\">\n\t\t\t\t\t\t\t\t<p><strong>Stromectol-Europa<\/strong> ist ein Online-Verzeichnis, in dem Sie Informationen zu Arzneimitteln finden. Sie besch\u00e4ftigen nur qualifiziertes Fachpersonal, das richtige und vollst\u00e4ndige Angaben zu dem ben\u00f6tigten Arzneimittel macht.<\/p><p>Unsere Website ist transparent und benutzerfreundlich gestaltet. Beim ersten Besuch unserer Homepage oder bei der Suche nach einem bestimmten Produkt finden unsere Besucher immer schnell die gew\u00fcnschten Informationen.<\/p><p>Da es mittlerweile eine Vielzahl von Online-Apotheken, Online-Shops und Websites im Internet gibt, die falsche Angaben machen, m\u00f6chten wir nicht, dass die Leute falsche Informationen erhalten. Daher ist es nicht m\u00f6glich, auf unserer Website Medikamente zu kaufen oder zu bestellen, Sie k\u00f6nnen sich nur mit den Informationen \u00fcber das Medikament vertraut machen, f\u00fcr das Sie sich interessieren.<\/p><p><span style=\"text-decoration: underline;\"><strong>WICHTIG!<\/strong><\/span> Der Online-Kauf von Medikamenten ist kein Ersatz f\u00fcr einen Arztbesuch.<\/p><p>Qualit\u00e4t steht bei uns an erster Stelle<br \/>Die Website von Stromectol-Europe m\u00f6chte hochwertige unabh\u00e4ngige Arzneimittelinhalte pr\u00e4sentieren. Wir beantworten Ihre Fragen zu Volkskrankheiten und deren Symptomen und stellen die entsprechenden Medikamente, deren Zusammensetzung und Anwendung vor.<\/p><p>Unsere Experten recherchieren alle Themen nach neuesten wissenschaftlichen Erkenntnissen. Wir m\u00f6chten nicht, dass unser Angebot \u00e4rztliche Beratung und professionelle Behandlung ersetzt. Daher empfehlen wir Ihnen, einen Arzt aufzusuchen und raten Ihnen nicht, selbst zu diagnostizieren und Medikamente einzunehmen.<\/p>\t\t\t\t\t\t<\/div>\n\t\t\t\t<\/div>\n\t\t\t\t\t<\/div>\n\t\t<\/div>\n\t\t\t\t\t\t\t<\/div>\n\t\t<\/section>\n\t\t\t\t\t<\/div>\n\t\t<\/div>\n\t\t\t\t\t\t\t<\/div>\n\t\t<\/section>\n\t\t\t\t\t\t<\/div>\n\t\t\t\t\t<\/div>","protected":false},"excerpt":{"rendered":"<p>\u00dcber uns Stromectol-Europe ist ein Online-Verzeichnis, in dem Sie Informationen zu Arzneimitteln finden. Sie besch\u00e4ftigen nur qualifiziertes Fachpersonal, das richtige und vollst\u00e4ndige Angaben zu dem ben\u00f6tigten Arzneimittel macht. Unsere Website ist transparent und benutzerfreundlich gestaltet. Beim ersten Besuch unserer Homepage oder bei der Suche nach einem bestimmten Produkt finden unsere Besucher immer schnell die gew\u00fcnschten&hellip;&nbsp;<a href=\"https:\/\/stromectol-europe.com\/pl\/about\/\" class=\"\" rel=\"bookmark\">Czytaj dalej &raquo;<span class=\"screen-reader-text\">About<\/span><\/a><\/p>","protected":false},"author":1,"featured_media":0,"parent":0,"menu_order":0,"comment_status":"closed","ping_status":"closed","template":"elementor_header_footer","meta":{"neve_meta_sidebar":"","neve_meta_container":"","neve_meta_enable_content_width":"","neve_meta_content_width":70,"neve_meta_title_alignment":"","neve_meta_author_avatar":"","neve_post_elements_order":"","neve_meta_disable_header":"","neve_meta_disable_footer":"","neve_meta_disable_title":"","_ti_tpc_template_sync":false,"_ti_tpc_template_id":"w8u3eel5e3fd94uaio9t"},"yoast_head":"<!-- This site is optimized with the Yoast SEO plugin v16.9 - https:\/\/yoast.com\/wordpress\/plugins\/seo\/ -->\n<title>\u00dcber uns Stromectol-Europe<\/title>\n<meta name=\"description\" content=\"Stromectol-Europe ist ein Online-Verzeichnis, in dem Sie Informationen zu Arzneimitteln finden. Sie besch\u00e4ftigen nur qualifiziertes Fachpersonal, das richtige und vollst\u00e4ndige Angaben zu dem ben\u00f6tigten Arzneimittel macht.\" \/>\n<meta name=\"robots\" content=\"noindex, follow\" \/>\n<meta property=\"og:locale\" content=\"pl_PL\" \/>\n<meta property=\"og:type\" content=\"article\" \/>\n<meta property=\"og:title\" content=\"\u00dcber uns Stromectol-Europe\" \/>\n<meta property=\"og:description\" content=\"Stromectol-Europe ist ein Online-Verzeichnis, in dem Sie Informationen zu Arzneimitteln finden. Sie besch\u00e4ftigen nur qualifiziertes Fachpersonal, das richtige und vollst\u00e4ndige Angaben zu dem ben\u00f6tigten Arzneimittel macht.\" \/>\n<meta property=\"og:url\" content=\"https:\/\/stromectol-europe.com\/pl\/about\/\" \/>\n<meta property=\"og:site_name\" content=\"STROMECTOL-EUROPE\" \/>\n<meta property=\"article:modified_time\" content=\"2021-08-17T12:44:59+00:00\" \/>\n<meta name=\"twitter:card\" content=\"summary_large_image\" \/>\n<meta name=\"twitter:label1\" content=\"Szacowany czas czytania\" \/>\n\t<meta name=\"twitter:data1\" content=\"1 minuta\" \/>\n<script type=\"application\/ld+json\" class=\"yoast-schema-graph\">{\"@context\":\"https:\/\/schema.org\",\"@graph\":[{\"@type\":\"WebSite\",\"@id\":\"https:\/\/stromectol-europe.com\/#website\",\"url\":\"https:\/\/stromectol-europe.com\/\",\"name\":\"STROMECTOL-EUROPE\",\"description\":\"Just another WordPress site\",\"potentialAction\":[{\"@type\":\"SearchAction\",\"target\":{\"@type\":\"EntryPoint\",\"urlTemplate\":\"https:\/\/stromectol-europe.com\/?s={search_term_string}\"},\"query-input\":\"required name=search_term_string\"}],\"inLanguage\":\"pl-PL\"},{\"@type\":[\"WebPage\",\"AboutPage\"],\"@id\":\"https:\/\/stromectol-europe.com\/about\/#webpage\",\"url\":\"https:\/\/stromectol-europe.com\/about\/\",\"name\":\"\\u00dcber uns Stromectol-Europe\",\"isPartOf\":{\"@id\":\"https:\/\/stromectol-europe.com\/#website\"},\"datePublished\":\"2019-08-09T10:35:34+00:00\",\"dateModified\":\"2021-08-17T12:44:59+00:00\",\"description\":\"Stromectol-Europe ist ein Online-Verzeichnis, in dem Sie Informationen zu Arzneimitteln finden. Sie besch\\u00e4ftigen nur qualifiziertes Fachpersonal, das richtige und vollst\\u00e4ndige Angaben zu dem ben\\u00f6tigten Arzneimittel macht.\",\"breadcrumb\":{\"@id\":\"https:\/\/stromectol-europe.com\/about\/#breadcrumb\"},\"inLanguage\":\"pl-PL\",\"potentialAction\":[{\"@type\":\"ReadAction\",\"target\":[\"https:\/\/stromectol-europe.com\/about\/\"]}]},{\"@type\":\"BreadcrumbList\",\"@id\":\"https:\/\/stromectol-europe.com\/about\/#breadcrumb\",\"itemListElement\":[{\"@type\":\"ListItem\",\"position\":1,\"name\":\"Home\",\"item\":\"https:\/\/stromectol-europe.com\/\"},{\"@type\":\"ListItem\",\"position\":2,\"name\":\"About\"}]}]}<\/script>\n<!-- \/ Yoast SEO plugin. -->","yoast_head_json":{"title":"\u00dcber uns Stromectol-Europe","description":"Stromectol-Europe ist ein Online-Verzeichnis, in dem Sie Informationen zu Arzneimitteln finden. Sie besch\u00e4ftigen nur qualifiziertes Fachpersonal, das richtige und vollst\u00e4ndige Angaben zu dem ben\u00f6tigten Arzneimittel macht.","robots":{"index":"noindex","follow":"follow"},"og_locale":"pl_PL","og_type":"article","og_title":"\u00dcber uns Stromectol-Europe","og_description":"Stromectol-Europe ist ein Online-Verzeichnis, in dem Sie Informationen zu Arzneimitteln finden. Sie besch\u00e4ftigen nur qualifiziertes Fachpersonal, das richtige und vollst\u00e4ndige Angaben zu dem ben\u00f6tigten Arzneimittel macht.","og_url":"https:\/\/stromectol-europe.com\/pl\/about\/","og_site_name":"STROMECTOL-EUROPE","article_modified_time":"2021-08-17T12:44:59+00:00","twitter_card":"summary_large_image","twitter_misc":{"Szacowany czas czytania":"1 minuta"},"schema":{"@context":"https:\/\/schema.org","@graph":[{"@type":"WebSite","@id":"https:\/\/stromectol-europe.com\/#website","url":"https:\/\/stromectol-europe.com\/","name":"STROMECTOL-EUROPE","description":"Just another WordPress site","potentialAction":[{"@type":"SearchAction","target":{"@type":"EntryPoint","urlTemplate":"https:\/\/stromectol-europe.com\/?s={search_term_string}"},"query-input":"required name=search_term_string"}],"inLanguage":"pl-PL"},{"@type":["WebPage","AboutPage"],"@id":"https:\/\/stromectol-europe.com\/about\/#webpage","url":"https:\/\/stromectol-europe.com\/about\/","name":"\u00dcber uns Stromectol-Europe","isPartOf":{"@id":"https:\/\/stromectol-europe.com\/#website"},"datePublished":"2019-08-09T10:35:34+00:00","dateModified":"2021-08-17T12:44:59+00:00","description":"Stromectol-Europe ist ein Online-Verzeichnis, in dem Sie Informationen zu Arzneimitteln finden. Sie besch\u00e4ftigen nur qualifiziertes Fachpersonal, das richtige und vollst\u00e4ndige Angaben zu dem ben\u00f6tigten Arzneimittel macht.","breadcrumb":{"@id":"https:\/\/stromectol-europe.com\/about\/#breadcrumb"},"inLanguage":"pl-PL","potentialAction":[{"@type":"ReadAction","target":["https:\/\/stromectol-europe.com\/about\/"]}]},{"@type":"BreadcrumbList","@id":"https:\/\/stromectol-europe.com\/about\/#breadcrumb","itemListElement":[{"@type":"ListItem","position":1,"name":"Home","item":"https:\/\/stromectol-europe.com\/"},{"@type":"ListItem","position":2,"name":"About"}]}]}},"_links":{"self":[{"href":"https:\/\/stromectol-europe.com\/pl\/wp-json\/wp\/v2\/pages\/6"}],"collection":[{"href":"https:\/\/stromectol-europe.com\/pl\/wp-json\/wp\/v2\/pages"}],"about":[{"href":"https:\/\/stromectol-europe.com\/pl\/wp-json\/wp\/v2\/types\/page"}],"author":[{"embeddable":true,"href":"https:\/\/stromectol-europe.com\/pl\/wp-json\/wp\/v2\/users\/1"}],"replies":[{"embeddable":true,"href":"https:\/\/stromectol-europe.com\/pl\/wp-json\/wp\/v2\/comments?post=6"}],"version-history":[{"count":13,"href":"https:\/\/stromectol-europe.com\/pl\/wp-json\/wp\/v2\/pages\/6\/revisions"}],"predecessor-version":[{"id":618,"href":"https:\/\/stromectol-europe.com\/pl\/wp-json\/wp\/v2\/pages\/6\/revisions\/618"}],"wp:attachment":[{"href":"https:\/\/stromectol-europe.com\/pl\/wp-json\/wp\/v2\/media?parent=6"}],"curies":[{"name":"wp","href":"https:\/\/api.w.org\/{rel}","templated":true}]}}