{"id":9,"date":"2019-08-09T10:36:48","date_gmt":"2019-08-09T10:36:48","guid":{"rendered":"https:\/\/demosites.io\/creative-portfolio\/?page_id=9"},"modified":"2021-08-17T12:45:24","modified_gmt":"2021-08-17T12:45:24","slug":"contacts","status":"publish","type":"page","link":"https:\/\/stromectol-europe.com\/pt\/contacts\/","title":{"rendered":"Contato"},"content":{"rendered":"<div data-elementor-type=\"wp-post\" data-elementor-id=\"9\" class=\"elementor elementor-9\" data-elementor-settings=\"[]\">\n\t\t\t\t\t\t\t<div class=\"elementor-section-wrap\">\n\t\t\t\t\t\t\t<section class=\"elementor-section elementor-top-section elementor-element elementor-element-eb6317c elementor-section-boxed elementor-section-height-default elementor-section-height-default\" data-id=\"eb6317c\" data-element_type=\"section\" data-settings=\"{&quot;background_background&quot;:&quot;classic&quot;}\">\n\t\t\t\t\t\t\t<div class=\"elementor-background-overlay\"><\/div>\n\t\t\t\t\t\t\t<div class=\"elementor-container elementor-column-gap-default\">\n\t\t\t\t\t<div class=\"elementor-column elementor-col-100 elementor-top-column elementor-element elementor-element-f770c3a\" data-id=\"f770c3a\" data-element_type=\"column\">\n\t\t\t<div class=\"elementor-widget-wrap elementor-element-populated\">\n\t\t\t\t\t\t\t\t<section class=\"elementor-section elementor-inner-section elementor-element elementor-element-217a2c7 elementor-section-boxed elementor-section-height-default elementor-section-height-default\" data-id=\"217a2c7\" data-element_type=\"section\">\n\t\t\t\t\t\t<div class=\"elementor-container elementor-column-gap-default\">\n\t\t\t\t\t<div class=\"elementor-column elementor-col-100 elementor-inner-column elementor-element elementor-element-4ee2f73\" data-id=\"4ee2f73\" data-element_type=\"column\">\n\t\t\t<div class=\"elementor-widget-wrap elementor-element-populated\">\n\t\t\t\t\t\t\t\t<div class=\"elementor-element elementor-element-2d84528 elementor-widget elementor-widget-heading\" data-id=\"2d84528\" data-element_type=\"widget\" data-widget_type=\"heading.default\">\n\t\t\t\t<div class=\"elementor-widget-container\">\n\t\t\t<h1 class=\"elementor-heading-title elementor-size-default\">Contato<\/h1>\t\t<\/div>\n\t\t\t\t<\/div>\n\t\t\t\t<div class=\"elementor-element elementor-element-0e5110d elementor-widget elementor-widget-heading\" data-id=\"0e5110d\" data-element_type=\"widget\" data-widget_type=\"heading.default\">\n\t\t\t\t<div class=\"elementor-widget-container\">\n\t\t\t<p class=\"elementor-heading-title elementor-size-default\">Nehmen Sie Kontakt auf <\/p>\t\t<\/div>\n\t\t\t\t<\/div>\n\t\t\t\t\t<\/div>\n\t\t<\/div>\n\t\t\t\t\t\t\t<\/div>\n\t\t<\/section>\n\t\t\t\t\t<\/div>\n\t\t<\/div>\n\t\t\t\t\t\t\t<\/div>\n\t\t<\/section>\n\t\t\t\t<section class=\"elementor-section elementor-top-section elementor-element elementor-element-2f2ac44 elementor-section-boxed elementor-section-height-default elementor-section-height-default\" data-id=\"2f2ac44\" data-element_type=\"section\" data-settings=\"{&quot;background_background&quot;:&quot;classic&quot;}\">\n\t\t\t\t\t\t<div class=\"elementor-container elementor-column-gap-default\">\n\t\t\t\t\t<div class=\"elementor-column elementor-col-100 elementor-top-column elementor-element elementor-element-3a0f992\" data-id=\"3a0f992\" data-element_type=\"column\">\n\t\t\t<div class=\"elementor-widget-wrap elementor-element-populated\">\n\t\t\t\t\t\t\t\t<section class=\"elementor-section elementor-inner-section elementor-element elementor-element-e3439de elementor-section-content-middle elementor-section-boxed elementor-section-height-default elementor-section-height-default\" data-id=\"e3439de\" data-element_type=\"section\">\n\t\t\t\t\t\t<div class=\"elementor-container elementor-column-gap-default\">\n\t\t\t\t\t<div class=\"elementor-column elementor-col-100 elementor-inner-column elementor-element elementor-element-dd548fb\" data-id=\"dd548fb\" data-element_type=\"column\">\n\t\t\t<div class=\"elementor-widget-wrap elementor-element-populated\">\n\t\t\t\t\t\t\t\t<div class=\"elementor-element elementor-element-d397518 elementor-widget elementor-widget-heading\" data-id=\"d397518\" data-element_type=\"widget\" data-widget_type=\"heading.default\">\n\t\t\t\t<div class=\"elementor-widget-container\">\n\t\t\t<h2 class=\"elementor-heading-title elementor-size-default\">Nehmen Sie Kontakt auf<\/h2>\t\t<\/div>\n\t\t\t\t<\/div>\n\t\t\t\t<div class=\"elementor-element elementor-element-979db51 elementor-widget elementor-widget-text-editor\" data-id=\"979db51\" data-element_type=\"widget\" data-widget_type=\"text-editor.default\">\n\t\t\t\t<div class=\"elementor-widget-container\">\n\t\t\t\t\t\t\t\t<div><span lang=\"de\"><span data-language-for-alternatives=\"de\" data-language-to-translate-into=\"ru\" data-phrase-index=\"0\">Um zu verstehen, wer wir sind, nehmen Sie einfach an, dass Ihre Apotheke Ihres Vertrauens, Ivermectina-Pharmacie, alles online verkauft.<\/span> <span data-language-for-alternatives=\"de\" data-language-to-translate-into=\"ru\" data-phrase-index=\"1\">Das ist einfach!<\/span> <span data-language-for-alternatives=\"de\" data-language-to-translate-into=\"ru\" data-phrase-index=\"2\">Ihre Lieblingsapotheke ist direkt vor Ihrem Platz zu Hause.<\/span> <span data-language-for-alternatives=\"de\" data-language-to-translate-into=\"ru\" data-phrase-index=\"4\"><br \/><\/span><\/span><\/div><div><span lang=\"de\"><span data-language-for-alternatives=\"de\" data-language-to-translate-into=\"ru\" data-phrase-index=\"4\">\u00a0<\/span><\/span><\/div><div><span lang=\"de\"><span data-language-for-alternatives=\"de\" data-language-to-translate-into=\"ru\" data-phrase-index=\"4\">Wir m\u00f6chten unseren Website-Besuchern ein neues, bequemes Einkaufserlebnis f\u00fcr Medikamente in einer Umgebung bieten, in der Zeit keine Rolle spielt, und mit der Gewissheit, dass jedes pharmazeutische Produkt mit maximaler Sicherheit organisiert werden kann.<\/span><\/span><\/div>\t\t\t\t\t\t<\/div>\n\t\t\t\t<\/div>\n\t\t\t\t\t<\/div>\n\t\t<\/div>\n\t\t\t\t\t\t\t<\/div>\n\t\t<\/section>\n\t\t\t\t<section class=\"elementor-section elementor-inner-section elementor-element elementor-element-5eddd18 elementor-section-boxed elementor-section-height-default elementor-section-height-default\" data-id=\"5eddd18\" data-element_type=\"section\">\n\t\t\t\t\t\t<div class=\"elementor-container elementor-column-gap-default\">\n\t\t\t\t\t<div class=\"elementor-column elementor-col-25 elementor-inner-column elementor-element elementor-element-84fe79a\" data-id=\"84fe79a\" data-element_type=\"column\">\n\t\t\t<div class=\"elementor-widget-wrap elementor-element-populated\">\n\t\t\t\t\t\t\t\t<div class=\"elementor-element elementor-element-080427a elementor-widget elementor-widget-image\" data-id=\"080427a\" data-element_type=\"widget\" data-widget_type=\"image.default\">\n\t\t\t\t<div class=\"elementor-widget-container\">\n\t\t\t\t\t\t\t\t\t\t\t\t\t\t\t<img width=\"500\" height=\"500\" src=\"https:\/\/stromectol-europe.com\/wp-content\/uploads\/2021\/08\/ivermectin-2.png\" class=\"attachment-large size-large\" alt=\"Ivermectina biogarana\" loading=\"lazy\" srcset=\"https:\/\/stromectol-europe.com\/wp-content\/uploads\/2021\/08\/ivermectin-2.png 500w, https:\/\/stromectol-europe.com\/wp-content\/uploads\/2021\/08\/ivermectin-2-300x300.png 300w, https:\/\/stromectol-europe.com\/wp-content\/uploads\/2021\/08\/ivermectin-2-150x150.png 150w\" sizes=\"(max-width: 500px) 100vw, 500px\" \/>\t\t\t\t\t\t\t\t\t\t\t\t\t\t\t<\/div>\n\t\t\t\t<\/div>\n\t\t\t\t\t<\/div>\n\t\t<\/div>\n\t\t\t\t<div class=\"elementor-column elementor-col-25 elementor-inner-column elementor-element elementor-element-9364423\" data-id=\"9364423\" data-element_type=\"column\">\n\t\t\t<div class=\"elementor-widget-wrap elementor-element-populated\">\n\t\t\t\t\t\t\t\t<div class=\"elementor-element elementor-element-32d11b5 elementor-widget elementor-widget-image\" data-id=\"32d11b5\" data-element_type=\"widget\" data-widget_type=\"image.default\">\n\t\t\t\t<div class=\"elementor-widget-container\">\n\t\t\t\t\t\t\t\t\t\t\t\t\t\t\t<img width=\"349\" height=\"350\" src=\"https:\/\/stromectol-europe.com\/wp-content\/uploads\/2021\/08\/ivermectin-4-1.png\" class=\"attachment-large size-large\" alt=\"Ivermectina Mylan\" loading=\"lazy\" srcset=\"https:\/\/stromectol-europe.com\/wp-content\/uploads\/2021\/08\/ivermectin-4-1.png 349w, https:\/\/stromectol-europe.com\/wp-content\/uploads\/2021\/08\/ivermectin-4-1-300x300.png 300w, https:\/\/stromectol-europe.com\/wp-content\/uploads\/2021\/08\/ivermectin-4-1-150x150.png 150w\" sizes=\"(max-width: 349px) 100vw, 349px\" \/>\t\t\t\t\t\t\t\t\t\t\t\t\t\t\t<\/div>\n\t\t\t\t<\/div>\n\t\t\t\t\t<\/div>\n\t\t<\/div>\n\t\t\t\t<div class=\"elementor-column elementor-col-25 elementor-inner-column elementor-element elementor-element-0968ed5\" data-id=\"0968ed5\" data-element_type=\"column\">\n\t\t\t<div class=\"elementor-widget-wrap elementor-element-populated\">\n\t\t\t\t\t\t\t\t<div class=\"elementor-element elementor-element-55d2d6d elementor-widget elementor-widget-image\" data-id=\"55d2d6d\" data-element_type=\"widget\" data-widget_type=\"image.default\">\n\t\t\t\t<div class=\"elementor-widget-container\">\n\t\t\t\t\t\t\t\t\t\t\t\t\t\t\t<img width=\"500\" height=\"500\" src=\"https:\/\/stromectol-europe.com\/wp-content\/uploads\/2021\/08\/ivermectin-1.png\" class=\"attachment-large size-large\" alt=\"Ivermectina\" loading=\"lazy\" srcset=\"https:\/\/stromectol-europe.com\/wp-content\/uploads\/2021\/08\/ivermectin-1.png 500w, https:\/\/stromectol-europe.com\/wp-content\/uploads\/2021\/08\/ivermectin-1-300x300.png 300w, https:\/\/stromectol-europe.com\/wp-content\/uploads\/2021\/08\/ivermectin-1-150x150.png 150w\" sizes=\"(max-width: 500px) 100vw, 500px\" \/>\t\t\t\t\t\t\t\t\t\t\t\t\t\t\t<\/div>\n\t\t\t\t<\/div>\n\t\t\t\t\t<\/div>\n\t\t<\/div>\n\t\t\t\t<div class=\"elementor-column elementor-col-25 elementor-inner-column elementor-element elementor-element-8438e7b\" data-id=\"8438e7b\" data-element_type=\"column\">\n\t\t\t<div class=\"elementor-widget-wrap elementor-element-populated\">\n\t\t\t\t\t\t\t\t<div class=\"elementor-element elementor-element-f276e44 elementor-widget elementor-widget-image\" data-id=\"f276e44\" data-element_type=\"widget\" data-widget_type=\"image.default\">\n\t\t\t\t<div class=\"elementor-widget-container\">\n\t\t\t\t\t\t\t\t\t\t\t\t\t\t\t<img width=\"350\" height=\"350\" src=\"https:\/\/stromectol-europe.com\/wp-content\/uploads\/2021\/08\/ivermectina-5.png\" class=\"attachment-large size-large\" alt=\"ivermectina\" loading=\"lazy\" srcset=\"https:\/\/stromectol-europe.com\/wp-content\/uploads\/2021\/08\/ivermectina-5.png 350w, https:\/\/stromectol-europe.com\/wp-content\/uploads\/2021\/08\/ivermectina-5-300x300.png 300w, https:\/\/stromectol-europe.com\/wp-content\/uploads\/2021\/08\/ivermectina-5-150x150.png 150w\" sizes=\"(max-width: 350px) 100vw, 350px\" \/>\t\t\t\t\t\t\t\t\t\t\t\t\t\t\t<\/div>\n\t\t\t\t<\/div>\n\t\t\t\t\t<\/div>\n\t\t<\/div>\n\t\t\t\t\t\t\t<\/div>\n\t\t<\/section>\n\t\t\t\t\t<\/div>\n\t\t<\/div>\n\t\t\t\t\t\t\t<\/div>\n\t\t<\/section>\n\t\t\t\t<section class=\"elementor-section elementor-top-section elementor-element elementor-element-02fbb34 elementor-section-boxed elementor-section-height-default elementor-section-height-default\" data-id=\"02fbb34\" data-element_type=\"section\" data-settings=\"{&quot;background_background&quot;:&quot;classic&quot;}\">\n\t\t\t\t\t\t<div class=\"elementor-container elementor-column-gap-default\">\n\t\t\t\t\t<div class=\"elementor-column elementor-col-100 elementor-top-column elementor-element elementor-element-5ba6cf1\" data-id=\"5ba6cf1\" data-element_type=\"column\">\n\t\t\t<div class=\"elementor-widget-wrap elementor-element-populated\">\n\t\t\t\t\t\t\t\t<section class=\"elementor-section elementor-inner-section elementor-element elementor-element-9f6f738 elementor-section-boxed elementor-section-height-default elementor-section-height-default\" data-id=\"9f6f738\" data-element_type=\"section\">\n\t\t\t\t\t\t<div class=\"elementor-container elementor-column-gap-default\">\n\t\t\t\t\t<div class=\"elementor-column elementor-col-50 elementor-inner-column elementor-element elementor-element-c644ae0\" data-id=\"c644ae0\" data-element_type=\"column\">\n\t\t\t<div class=\"elementor-widget-wrap elementor-element-populated\">\n\t\t\t\t\t\t\t\t<div class=\"elementor-element elementor-element-560c3c1 elementor-widget elementor-widget-heading\" data-id=\"560c3c1\" data-element_type=\"widget\" data-widget_type=\"heading.default\">\n\t\t\t\t<div class=\"elementor-widget-container\">\n\t\t\t<h2 class=\"elementor-heading-title elementor-size-default\">Kontaktieren Sie uns \u00fcber dieses Formular! <\/h2>\t\t<\/div>\n\t\t\t\t<\/div>\n\t\t\t\t<div class=\"elementor-element elementor-element-e470aae elementor-widget-divider--view-line elementor-widget elementor-widget-divider\" data-id=\"e470aae\" data-element_type=\"widget\" data-widget_type=\"divider.default\">\n\t\t\t\t<div class=\"elementor-widget-container\">\n\t\t\t\t\t<div class=\"elementor-divider\">\n\t\t\t<span class=\"elementor-divider-separator\">\n\t\t\t\t\t\t<\/span>\n\t\t<\/div>\n\t\t\t\t<\/div>\n\t\t\t\t<\/div>\n\t\t\t\t<div class=\"elementor-element elementor-element-34051b0 text-normal elementor-widget elementor-widget-heading\" data-id=\"34051b0\" data-element_type=\"widget\" data-widget_type=\"heading.default\">\n\t\t\t\t<div class=\"elementor-widget-container\">\n\t\t\t<span class=\"elementor-heading-title elementor-size-default\"><span class=\"VIiyi\" lang=\"de\"><span class=\"JLqJ4b ChMk0b\" data-language-for-alternatives=\"de\" data-language-to-translate-into=\"ru\" data-phrase-index=\"0\"><span>Wenn Sie eine Beratung zu Medikamenten ben\u00f6tigen, k\u00f6nnen Sie uns jederzeit kontaktieren, indem Sie das Formular ausf\u00fcllen oder uns per E-Mail schreiben:<\/span><\/span><\/span><\/span>\t\t<\/div>\n\t\t\t\t<\/div>\n\t\t\t\t<div class=\"elementor-element elementor-element-fb6f2a5 elementor-icon-list--layout-traditional elementor-list-item-link-full_width elementor-widget elementor-widget-icon-list\" data-id=\"fb6f2a5\" data-element_type=\"widget\" data-widget_type=\"icon-list.default\">\n\t\t\t\t<div class=\"elementor-widget-container\">\n\t\t\t\t\t<ul class=\"elementor-icon-list-items\">\n\t\t\t\t\t\t\t<li class=\"elementor-icon-list-item\">\n\t\t\t\t\t\t\t\t\t\t\t<span class=\"elementor-icon-list-icon\">\n\t\t\t\t\t\t\t<i aria-hidden=\"true\" class=\"fas fa-map-marker-alt\"><\/i>\t\t\t\t\t\t<\/span>\n\t\t\t\t\t\t\t\t\t\t<span class=\"elementor-icon-list-text\">Contacs@stromectol-europe.com<\/span>\n\t\t\t\t\t\t\t\t\t<\/li>\n\t\t\t\t\t\t<\/ul>\n\t\t\t\t<\/div>\n\t\t\t\t<\/div>\n\t\t\t\t\t<\/div>\n\t\t<\/div>\n\t\t\t\t<div class=\"elementor-column elementor-col-50 elementor-inner-column elementor-element elementor-element-6e5ac79\" data-id=\"6e5ac79\" data-element_type=\"column\" data-settings=\"{&quot;background_background&quot;:&quot;classic&quot;}\">\n\t\t\t<div class=\"elementor-widget-wrap elementor-element-populated\">\n\t\t\t\t\t\t\t\t<div class=\"elementor-element elementor-element-fc851d4 elementor-widget elementor-widget-content_form_contact\" data-id=\"fc851d4\" data-element_type=\"widget\" data-widget_type=\"content_form_contact.default\">\n\t\t\t\t<div class=\"elementor-widget-container\">\n\t\t\t<form action=\"https:\/\/stromectol-europe.com\/wp-admin\/admin-post.php\" method=\"post\" name=\"content-form-fc851d4\" id=\"content-form-fc851d4\" class=\"ti-cf-module content-form content-form-contact content_form_contact\" data-trp-original-action=\"https:\/\/stromectol-europe.com\/wp-admin\/admin-post.php\"><input type=\"hidden\" id=\"_wpnonce_contact\" name=\"_wpnonce_contact\" value=\"edec49d038\" \/><input type=\"hidden\" name=\"_wp_http_referer\" value=\"\/pt\/wp-json\/wp\/v2\/pages\/9\" \/><input type=\"hidden\" name=\"action\" value=\"content_form_submit\" \/><input type=\"hidden\" name=\"form-type\" value=\"contact\" \/><input type=\"hidden\" name=\"form-builder\" value=\"elementor\" \/><input type=\"hidden\" name=\"post-id\" value=\"9\" \/><input type=\"hidden\" name=\"form-id\" value=\"fc851d4\" \/><fieldset class=\"content-form-field-text elementor-column elementor-col-100\"><label for=\"data[fc851d4][name]\" >Name<span class=\"required-mark\"> *<\/span><\/label><input type=\"text\" name=\"data[fc851d4][name]\" id=\"data[fc851d4][name]\" required=\"required\"  placeholder=\"Dein Name\"><\/fieldset><fieldset class=\"content-form-field-email elementor-column elementor-col-100\"><label for=\"data[fc851d4][email]\" >E-Mail<span class=\"required-mark\"> *<\/span><\/label><input type=\"text\" name=\"data[fc851d4][email]\" id=\"data[fc851d4][email]\" required=\"required\"  placeholder=\"E-Mail-Addresse \"><\/fieldset><fieldset class=\"content-form-field-textarea elementor-column elementor-col-100\"><label for=\"data[fc851d4][message]\" >Nachricht<span class=\"required-mark\"> *<\/span><\/label><textarea name=\"data[fc851d4][message]\" id=\"data[fc851d4][message]\"  required=\"required\" placeholder=\"Deine Nachricht\" cols=\"30\" rows=\"5\"><\/textarea><\/fieldset><fieldset class=\"submit-form contact\"><button type=\"submit\" name=\"submit\"  value=\"submit-contact-fc851d4\" class=\"\">Eine Nachricht schicken <\/button><\/fieldset><input type=\"hidden\" name=\"trp-form-language\" value=\"pt\"\/><\/form>\t\t<\/div>\n\t\t\t\t<\/div>\n\t\t\t\t\t<\/div>\n\t\t<\/div>\n\t\t\t\t\t\t\t<\/div>\n\t\t<\/section>\n\t\t\t\t\t<\/div>\n\t\t<\/div>\n\t\t\t\t\t\t\t<\/div>\n\t\t<\/section>\n\t\t\t\t\t\t<\/div>\n\t\t\t\t\t<\/div>","protected":false},"excerpt":{"rendered":"<p>Kontakt Kontakt Nehmen Sie Kontakt auf Nehmen Sie Kontakt auf Um zu verstehen, wer wir sind, nehmen Sie einfach an, dass Ihre Apotheke Ihres Vertrauens, Ivermectina-Pharmacie, alles online verkauft. Das ist einfach! Ihre Lieblingsapotheke ist direkt vor Ihrem Platz zu Hause. &nbsp;Wir m\u00f6chten unseren Website-Besuchern ein neues, bequemes Einkaufserlebnis f\u00fcr Medikamente in einer Umgebung bieten,&hellip;&nbsp;<a href=\"https:\/\/stromectol-europe.com\/pt\/contacts\/\" class=\"\" rel=\"bookmark\">Read More &raquo;<span class=\"screen-reader-text\">Contato<\/span><\/a><\/p>","protected":false},"author":1,"featured_media":0,"parent":0,"menu_order":0,"comment_status":"closed","ping_status":"closed","template":"elementor_header_footer","meta":{"neve_meta_sidebar":"","neve_meta_container":"","neve_meta_enable_content_width":"","neve_meta_content_width":70,"neve_meta_title_alignment":"","neve_meta_author_avatar":"","neve_post_elements_order":"","neve_meta_disable_header":"","neve_meta_disable_footer":"","neve_meta_disable_title":"","_ti_tpc_template_sync":false,"_ti_tpc_template_id":"4ez7qce1swdkh61vt1qo"},"yoast_head":"<!-- This site is optimized with the Yoast SEO plugin v16.9 - https:\/\/yoast.com\/wordpress\/plugins\/seo\/ -->\n<title>Stromectol-Europe Firmenkontakte | 2021<\/title>\n<meta name=\"description\" content=\"Um zu verstehen, wer wir sind, nehmen Sie einfach an, dass Ihre Apotheke Ihres Vertrauens, Ivermectina-Pharmacie, alles online verkauft. Das ist einfach! Ihre Lieblingsapotheke ist direkt vor Ihrem Platz zu Hause.\" \/>\n<meta name=\"robots\" content=\"noindex, follow\" \/>\n<meta property=\"og:locale\" content=\"pt_PT\" \/>\n<meta property=\"og:type\" content=\"article\" \/>\n<meta property=\"og:title\" content=\"Stromectol-Europe Firmenkontakte | 2021\" \/>\n<meta property=\"og:description\" content=\"Um zu verstehen, wer wir sind, nehmen Sie einfach an, dass Ihre Apotheke Ihres Vertrauens, Ivermectina-Pharmacie, alles online verkauft. Das ist einfach! Ihre Lieblingsapotheke ist direkt vor Ihrem Platz zu Hause.\" \/>\n<meta property=\"og:url\" content=\"https:\/\/stromectol-europe.com\/pt\/contacts\/\" \/>\n<meta property=\"og:site_name\" content=\"STROMECTOL-EUROPE\" \/>\n<meta property=\"article:modified_time\" content=\"2021-08-17T12:45:24+00:00\" \/>\n<meta property=\"og:image\" content=\"https:\/\/stromectol-europe.com\/wp-content\/uploads\/2021\/08\/ivermectin-2.png\" \/>\n<meta name=\"twitter:card\" content=\"summary_large_image\" \/>\n<meta name=\"twitter:label1\" content=\"Tempo estimado de leitura\" \/>\n\t<meta name=\"twitter:data1\" content=\"2 minutos\" \/>\n<script type=\"application\/ld+json\" class=\"yoast-schema-graph\">{\"@context\":\"https:\/\/schema.org\",\"@graph\":[{\"@type\":\"WebSite\",\"@id\":\"https:\/\/stromectol-europe.com\/#website\",\"url\":\"https:\/\/stromectol-europe.com\/\",\"name\":\"STROMECTOL-EUROPE\",\"description\":\"Just another WordPress site\",\"potentialAction\":[{\"@type\":\"SearchAction\",\"target\":{\"@type\":\"EntryPoint\",\"urlTemplate\":\"https:\/\/stromectol-europe.com\/?s={search_term_string}\"},\"query-input\":\"required name=search_term_string\"}],\"inLanguage\":\"pt-PT\"},{\"@type\":\"ImageObject\",\"@id\":\"https:\/\/stromectol-europe.com\/contacts\/#primaryimage\",\"inLanguage\":\"pt-PT\",\"url\":\"https:\/\/stromectol-europe.com\/wp-content\/uploads\/2021\/08\/ivermectin-2.png\",\"contentUrl\":\"https:\/\/stromectol-europe.com\/wp-content\/uploads\/2021\/08\/ivermectin-2.png\",\"width\":500,\"height\":500,\"caption\":\"Ivermectine biogaran\"},{\"@type\":\"WebPage\",\"@id\":\"https:\/\/stromectol-europe.com\/contacts\/#webpage\",\"url\":\"https:\/\/stromectol-europe.com\/contacts\/\",\"name\":\"Stromectol-Europe Firmenkontakte | 2021\",\"isPartOf\":{\"@id\":\"https:\/\/stromectol-europe.com\/#website\"},\"primaryImageOfPage\":{\"@id\":\"https:\/\/stromectol-europe.com\/contacts\/#primaryimage\"},\"datePublished\":\"2019-08-09T10:36:48+00:00\",\"dateModified\":\"2021-08-17T12:45:24+00:00\",\"description\":\"Um zu verstehen, wer wir sind, nehmen Sie einfach an, dass Ihre Apotheke Ihres Vertrauens, Ivermectina-Pharmacie, alles online verkauft. Das ist einfach! Ihre Lieblingsapotheke ist direkt vor Ihrem Platz zu Hause.\",\"breadcrumb\":{\"@id\":\"https:\/\/stromectol-europe.com\/contacts\/#breadcrumb\"},\"inLanguage\":\"pt-PT\",\"potentialAction\":[{\"@type\":\"ReadAction\",\"target\":[\"https:\/\/stromectol-europe.com\/contacts\/\"]}]},{\"@type\":\"BreadcrumbList\",\"@id\":\"https:\/\/stromectol-europe.com\/contacts\/#breadcrumb\",\"itemListElement\":[{\"@type\":\"ListItem\",\"position\":1,\"name\":\"Home\",\"item\":\"https:\/\/stromectol-europe.com\/\"},{\"@type\":\"ListItem\",\"position\":2,\"name\":\"Kontakt\"}]}]}<\/script>\n<!-- \/ Yoast SEO plugin. -->","yoast_head_json":{"title":"Stromectol-Europe Firmenkontakte | 2021","description":"Um zu verstehen, wer wir sind, nehmen Sie einfach an, dass Ihre Apotheke Ihres Vertrauens, Ivermectina-Pharmacie, alles online verkauft. Das ist einfach! Ihre Lieblingsapotheke ist direkt vor Ihrem Platz zu Hause.","robots":{"index":"noindex","follow":"follow"},"og_locale":"pt_PT","og_type":"article","og_title":"Stromectol-Europe Firmenkontakte | 2021","og_description":"Um zu verstehen, wer wir sind, nehmen Sie einfach an, dass Ihre Apotheke Ihres Vertrauens, Ivermectina-Pharmacie, alles online verkauft. Das ist einfach! Ihre Lieblingsapotheke ist direkt vor Ihrem Platz zu Hause.","og_url":"https:\/\/stromectol-europe.com\/pt\/contacts\/","og_site_name":"STROMECTOL-EUROPE","article_modified_time":"2021-08-17T12:45:24+00:00","og_image":[{"url":"https:\/\/stromectol-europe.com\/wp-content\/uploads\/2021\/08\/ivermectin-2.png"}],"twitter_card":"summary_large_image","twitter_misc":{"Tempo estimado de leitura":"2 minutos"},"schema":{"@context":"https:\/\/schema.org","@graph":[{"@type":"WebSite","@id":"https:\/\/stromectol-europe.com\/#website","url":"https:\/\/stromectol-europe.com\/","name":"STROMECTOL-EUROPE","description":"Just another WordPress site","potentialAction":[{"@type":"SearchAction","target":{"@type":"EntryPoint","urlTemplate":"https:\/\/stromectol-europe.com\/?s={search_term_string}"},"query-input":"required name=search_term_string"}],"inLanguage":"pt-PT"},{"@type":"ImageObject","@id":"https:\/\/stromectol-europe.com\/contacts\/#primaryimage","inLanguage":"pt-PT","url":"https:\/\/stromectol-europe.com\/wp-content\/uploads\/2021\/08\/ivermectin-2.png","contentUrl":"https:\/\/stromectol-europe.com\/wp-content\/uploads\/2021\/08\/ivermectin-2.png","width":500,"height":500,"caption":"Ivermectine biogaran"},{"@type":"WebPage","@id":"https:\/\/stromectol-europe.com\/contacts\/#webpage","url":"https:\/\/stromectol-europe.com\/contacts\/","name":"Stromectol-Europe Firmenkontakte | 2021","isPartOf":{"@id":"https:\/\/stromectol-europe.com\/#website"},"primaryImageOfPage":{"@id":"https:\/\/stromectol-europe.com\/contacts\/#primaryimage"},"datePublished":"2019-08-09T10:36:48+00:00","dateModified":"2021-08-17T12:45:24+00:00","description":"Um zu verstehen, wer wir sind, nehmen Sie einfach an, dass Ihre Apotheke Ihres Vertrauens, Ivermectina-Pharmacie, alles online verkauft. Das ist einfach! Ihre Lieblingsapotheke ist direkt vor Ihrem Platz zu Hause.","breadcrumb":{"@id":"https:\/\/stromectol-europe.com\/contacts\/#breadcrumb"},"inLanguage":"pt-PT","potentialAction":[{"@type":"ReadAction","target":["https:\/\/stromectol-europe.com\/contacts\/"]}]},{"@type":"BreadcrumbList","@id":"https:\/\/stromectol-europe.com\/contacts\/#breadcrumb","itemListElement":[{"@type":"ListItem","position":1,"name":"Home","item":"https:\/\/stromectol-europe.com\/"},{"@type":"ListItem","position":2,"name":"Kontakt"}]}]}},"_links":{"self":[{"href":"https:\/\/stromectol-europe.com\/pt\/wp-json\/wp\/v2\/pages\/9"}],"collection":[{"href":"https:\/\/stromectol-europe.com\/pt\/wp-json\/wp\/v2\/pages"}],"about":[{"href":"https:\/\/stromectol-europe.com\/pt\/wp-json\/wp\/v2\/types\/page"}],"author":[{"embeddable":true,"href":"https:\/\/stromectol-europe.com\/pt\/wp-json\/wp\/v2\/users\/1"}],"replies":[{"embeddable":true,"href":"https:\/\/stromectol-europe.com\/pt\/wp-json\/wp\/v2\/comments?post=9"}],"version-history":[{"count":16,"href":"https:\/\/stromectol-europe.com\/pt\/wp-json\/wp\/v2\/pages\/9\/revisions"}],"predecessor-version":[{"id":619,"href":"https:\/\/stromectol-europe.com\/pt\/wp-json\/wp\/v2\/pages\/9\/revisions\/619"}],"wp:attachment":[{"href":"https:\/\/stromectol-europe.com\/pt\/wp-json\/wp\/v2\/media?parent=9"}],"curies":[{"name":"wp","href":"https:\/\/api.w.org\/{rel}","templated":true}]}}